{"id":4611,"date":"2021-10-15T14:37:00","date_gmt":"2022-01-26T04:03:27","guid":{"rendered":"https:\/\/curcumin1000.com\/product\/curqmin1000-curcuma-longa-kurkuma\/"},"modified":"2023-09-19T08:55:44","modified_gmt":"2023-09-19T08:55:44","slug":"curqmin1000-curcuma-longa-kurkuma","status":"publish","type":"product","link":"https:\/\/curcumin1000.com\/de\/produkt\/curqmin1000-curcuma-longa-kurkuma\/","title":{"rendered":"curQmin1000 &#8211; (Curcuma longa-Extrakt, Kurkuma-Extrakt mit Piperin)"},"content":{"rendered":"<p class=\"ecxMsoNormal\"><span lang=\"EN-US\">Curcumin wird aus den Rhizomen von Curcuma longa L. (Zingiberaceae) gewonnen, einer mehrj\u00e4hrigen Pflanze, die in tropischen Regionen Asiens weit verbreitet ist. Das Rhizom, das vor allem als kulinarisches Gew\u00fcrz bekannt ist, verleiht eine orange Farbe und wird wegen seines feinen Geschmacks nicht nur in Indien, sondern auf der ganzen Welt sehr gesch\u00e4tzt. Als Lebensmittel verleiht das Rhizom aufgrund des Vorhandenseins von bioaktiven Verbindungen wie Curcumin, Demethoxy-Curcumin und Bisdemethoxy-Curcumin auch einige positive Wirkungen. Es wurden umfangreiche wissenschaftliche Untersuchungen zu seinen antioxidativen, entz\u00fcndungshemmenden, wundheilenden, lebersch\u00fctzenden, schmerzlindernden und sogar tumorhemmenden Eigenschaften durchgef\u00fchrt.<\/span><\/p>\n<p class=\"ecxMsoNormal\"><span lang=\"EN-US\">curQmin1000 enth\u00e4lt einen Curcuma-longa-Rhizomextrakt Curcumin C3 Complex <sup>\u00ae<\/sup> , der in mehr als 65 Humanstudien f\u00fcr verschiedene Gesundheitszust\u00e4nde klinisch bewertet wurde. Dies ist erprobt und getestet und hat sich auch bei sehr hohen Dosen als sicher erwiesen.<\/span><\/p>\n<p class=\"ecxMsoNormal\"><span lang=\"EN-US\">curQmin1000 enth\u00e4lt au\u00dferdem Bioperine <sup>\u00ae<\/sup> , einen patentierten Extrakt aus schwarzem Pfeffer, der die Absorption und Bioverf\u00fcgbarkeit von Curcumin im K\u00f6rper verbessert.<\/span><\/p>\n","protected":false},"excerpt":{"rendered":"<h6 class=\"LC20lb MBeuO DKV0Md\"><strong>60 Tabletten Flasche<\/strong><\/h6>\n<p>Kaufen Sie 2 @ 5% Rabatt<\/p>\n<p>Kaufen Sie 5 @ 10% Rabatt + Kostenloser Versand<\/p>\n","protected":false},"featured_media":5129,"comment_status":"open","ping_status":"closed","template":"","meta":{"_et_pb_use_builder":"off","_et_pb_old_content":"<p class=\"ecxMsoNormal\"><span lang=\"EN-US\">Curcumin wird aus den Rhizomen von Curcuma longa L. (Zingiberaceae) gewonnen, einer mehrj\u00e4hrigen Pflanze, die in tropischen Regionen Asiens weit verbreitet ist. Das Rhizom, das vor allem als kulinarisches Gew\u00fcrz bekannt ist, verleiht eine orange Farbe und wird wegen seines feinen Geschmacks nicht nur in Indien, sondern auf der ganzen Welt sehr gesch\u00e4tzt. Als Lebensmittel verleiht das Rhizom aufgrund des Vorhandenseins von bioaktiven Verbindungen wie Curcumin, Demethoxy-Curcumin und Bisdemethoxy-Curcumin auch einige positive Wirkungen. Es wurden umfangreiche wissenschaftliche Untersuchungen zu seinen antioxidativen, entz\u00fcndungshemmenden, wundheilenden, lebersch\u00fctzenden, schmerzlindernden und sogar tumorhemmenden Eigenschaften durchgef\u00fchrt.<\/span><\/p>\n<p class=\"ecxMsoNormal\"><span lang=\"EN-US\">curQmin1000 enth\u00e4lt einen Curcuma-longa-Rhizomextrakt Curcumin C3 Complex <sup>\u00ae<\/sup> , der in mehr als 65 Humanstudien f\u00fcr verschiedene Gesundheitszust\u00e4nde klinisch bewertet wurde. Dies ist erprobt und getestet und hat sich auch bei sehr hohen Dosen als sicher erwiesen.<\/span><\/p>\n<p class=\"ecxMsoNormal\"><span lang=\"EN-US\">curQmin1000 enth\u00e4lt au\u00dferdem Bioperine <sup>\u00ae<\/sup> , einen patentierten Extrakt aus schwarzem Pfeffer, der die Absorption und Bioverf\u00fcgbarkeit von Curcumin im K\u00f6rper verbessert.<\/span><\/p>","_et_gb_content_width":"","powered_cache_disable_cache":false},"product_brand":[],"product_cat":[46],"product_tag":[],"class_list":{"0":"post-4611","1":"product","2":"type-product","3":"status-publish","4":"has-post-thumbnail","6":"product_cat-aktuelleqmin1000","8":"first","9":"instock","10":"taxable","11":"shipping-taxable","12":"purchasable","13":"product-type-simple"},"_links":{"self":[{"href":"https:\/\/curcumin1000.com\/de\/wp-json\/wp\/v2\/product\/4611","targetHints":{"allow":["GET"]}}],"collection":[{"href":"https:\/\/curcumin1000.com\/de\/wp-json\/wp\/v2\/product"}],"about":[{"href":"https:\/\/curcumin1000.com\/de\/wp-json\/wp\/v2\/types\/product"}],"replies":[{"embeddable":true,"href":"https:\/\/curcumin1000.com\/de\/wp-json\/wp\/v2\/comments?post=4611"}],"wp:featuredmedia":[{"embeddable":true,"href":"https:\/\/curcumin1000.com\/de\/wp-json\/wp\/v2\/media\/5129"}],"wp:attachment":[{"href":"https:\/\/curcumin1000.com\/de\/wp-json\/wp\/v2\/media?parent=4611"}],"wp:term":[{"taxonomy":"product_brand","embeddable":true,"href":"https:\/\/curcumin1000.com\/de\/wp-json\/wp\/v2\/product_brand?post=4611"},{"taxonomy":"product_cat","embeddable":true,"href":"https:\/\/curcumin1000.com\/de\/wp-json\/wp\/v2\/product_cat?post=4611"},{"taxonomy":"product_tag","embeddable":true,"href":"https:\/\/curcumin1000.com\/de\/wp-json\/wp\/v2\/product_tag?post=4611"}],"curies":[{"name":"wp","href":"https:\/\/api.w.org\/{rel}","templated":true}]}}