{"id":4138,"date":"2022-01-24T19:06:14","date_gmt":"2022-01-24T19:06:14","guid":{"rendered":"https:\/\/demowebs.in\/curcumin1000\/zutaten\/"},"modified":"2023-09-08T07:57:31","modified_gmt":"2023-09-08T07:57:31","slug":"zutaten","status":"publish","type":"page","link":"https:\/\/curcumin1000.com\/de\/zutaten\/","title":{"rendered":"Zutaten"},"content":{"rendered":"<p>[et_pb_section fb_built=&#8220;1&#8243; admin_label=&#8220;Video&#8220; _builder_version=&#8220;4.15&#8243; background_color=&#8220;#949aa6&#8243; background_enable_image=&#8220;off&#8220; background_position=&#8220;bottom_center&#8220; top_divider_style=&#8220;slant&#8220; top_divider_color=&#8220;#f4f0e8&#8243; top_divider_height=&#8220;100%&#8220; top_divider_flip=&#8220;horizontal&#8220; bottom_divider_style=&#8220;slant&#8220; bottom_divider_color=&#8220;#ffffff&#8220; bottom_divider_height=&#8220;100%&#8220; locked=&#8220;off&#8220; global_colors_info=&#8220;{}&#8220;][et_pb_row column_structure=&#8220;1_2,1_2&#8243; _builder_version=&#8220;4.15&#8243; background_color=&#8220;#ffffff&#8220; custom_padding=&#8220;|20px||20px|false|true&#8220; border_width_all=&#8220;2px&#8220; border_color_all=&#8220;#3D4A41&#8243; border_width_top=&#8220;0px&#8220; locked=&#8220;off&#8220; global_colors_info=&#8220;{}&#8220;][et_pb_column type=&#8220;1_2&#8243; _builder_version=&#8220;4.15&#8243; global_colors_info=&#8220;{}&#8220;][et_pb_text _builder_version=&#8220;4.15.1&#8243; text_font_size=&#8220;16px&#8220; text_line_height=&#8220;2em&#8220; header_2_font=&#8220;Marcellus||||||||&#8220; header_2_text_color=&#8220;#3D4A41&#8243; header_2_font_size=&#8220;40px&#8220; header_2_line_height=&#8220;1.4em&#8220; hover_enabled=&#8220;0&#8243; text_font_size_tablet=&#8220;14px&#8220; text_font_size_phone=&#8220;&#8220; text_font_size_last_edited=&#8220;on|phone&#8220; header_2_font_size_tablet=&#8220;30px&#8220; header_2_font_size_phone=&#8220;24px&#8220; header_2_font_size_last_edited=&#8220;on|phone&#8220; global_colors_info=&#8220;{}&#8220; sticky_enabled=&#8220;0&#8243;]<\/p>\n<p><img loading=\"lazy\" decoding=\"async\" src=\"https:\/\/curcumin1000.com\/wp-content\/uploads\/2021\/11\/CurcuminComplexLogoYelo-300x274.jpg\" width=\"250\" height=\"258\" alt=\"\" class=\"wp-image-3972 alignnone size-medium\"><\/p>\n<p>  Curcumin C3-Komplex<strong><br \/>\n  <sup>\u00ae <\/sup><br \/>\n<\/strong>ist ein spezieller Curcumin-Extrakt aus den Rhizomen der Gew\u00fcrzpflanze Curcuma longa. Der Name Curcumin C3 Complex <strong><sup>\u00ae<\/sup><\/strong><span> <\/span>bezieht sich auf seine drei wichtigsten chemischen Verbindungen \u2013 Curcumin, Demethoxycurcumin und Bisdemethoxycurcumin \u2013 zusammenfassend bekannt als Curcuminoide.<\/p>\n<p>Forschungen zeigen, dass Curcumin C3 Complex <strong><sup>\u00ae<\/sup><\/strong> f\u00fcr sein einzigartiges Zusammensetzungsverh\u00e4ltnis und seine einzigartige Verwendung patentiert ist<span> <\/span>bietet den Verbrauchern eine Vielzahl von gesundheitlichen Vorteilen. Aufgrund seiner breiten positiven Wirkung auf viele physiologische Aktivit\u00e4ten im K\u00f6rper ist Curcumin C3 Complex <strong><sup>\u00ae<\/sup><\/strong><span> <\/span>ist das erste seiner Art in einer Kategorie von N\u00e4hrstoffen, die Sabinsa 1995 als Bioprotectant beschrieben hat. Vielleicht besser verstanden als \u201eSuper-Antioxidans\u201c, Curcumin C3 Complex <strong><sup>\u00ae<\/sup><\/strong><span> <\/span>bietet optimalen Schutz und Integrit\u00e4t f\u00fcr unsere biologischen Systeme.<\/p>\n<p>Sowohl pr\u00e4klinische als auch klinische Forschungen zu Curcumin-Extrakt-Zusammensetzungen sind in erheblichem Umfang durchgef\u00fchrt worden. Die Mehrzahl der Materialien, die in diesen Studien verwendet und in der ver\u00f6ffentlichten Literatur beschrieben werden, sind f\u00fcr Verbraucher jedoch nicht im Handel erh\u00e4ltlich. Hier setzt Curcumin C3 <strong><sup>Complex\u00ae<\/sup><\/strong> an<span> <\/span>ist anders.<\/p>\n<p>Im Laufe der Jahre hat sich Sabinsa einen Ruf als vertrauensw\u00fcrdige und gesch\u00e4tzte Ressource f\u00fcr akademische und medizinische Gemeinschaften bei der Bereitstellung von Curcumin C3 Complex <strong><sup>\u00ae erarbeitet<\/sup><\/strong><span> <\/span>f\u00fcr eine Vielzahl von Forschungsinitiativen. H\u00e4ufig liegt der Umfang dieser Forschung au\u00dferhalb des gegenw\u00e4rtigen Rechtsrahmens f\u00fcr Angaben, die auf Lebensmitteln und Nahrungserg\u00e4nzungsmitteln zul\u00e4ssig sind. Allerdings wird ein Gro\u00dfteil dieser Arbeit von den National Institutes of Health (NIH) finanziert, wobei Forscher und Institutionen den Curcumin C3 Complex <strong><sup>\u00ae<\/sup><\/strong> von Sabinsa anfordern<span> <\/span>f\u00fcr ihre Studien zeigt ein hohes Ma\u00df an Vertrauen in die Konsistenz, Qualit\u00e4t und Integrit\u00e4t von Sabinsas Material.<\/p>\n<p>Curcumin C3 <strong><sup>Complex\u00ae<\/sup><\/strong><span> <\/span>ist ein sicheres, wirksames und klinisch getestetes Material, das von NSF International f\u00fcr Wirksamkeit und Spezifikationskonformit\u00e4t zertifiziert ist.<\/p>\n<p>Auch hier ist die Bedeutung all dessen f\u00fcr die Verbraucher, dass das Material, das in diesen Studien verwendet wird, das gleiche Material ist, das in verwendet wird<span> <\/span><strong>aktuellQmin1000<\/strong> .<\/p>\n<p>Weitere Informationen finden Sie <a href=\"http:\/\/www.curcuminc3complex.com\/\">unter www.curcuminc3complex.com<\/a><\/p>\n<p><strong><sup>Quelle: Sabinsa Corporation, USA<\/sup><\/strong><\/p>\n<p>[\/et_pb_text][\/et_pb_column][et_pb_column type=&#8220;1_2&#8243; _builder_version=&#8220;4.15&#8243; global_colors_info=&#8220;{}&#8220;][et_pb_text _builder_version=&#8220;4.15.1&#8243; text_font_size=&#8220;16px&#8220; text_line_height=&#8220;2em&#8220; header_2_font=&#8220;Marcellus||||||||&#8220; header_2_text_color=&#8220;#3D4A41&#8243; header_2_font_size=&#8220;40px&#8220; header_2_line_height=&#8220;1.4em&#8220; hover_enabled=&#8220;0&#8243; text_font_size_tablet=&#8220;14px&#8220; text_font_size_phone=&#8220;&#8220; text_font_size_last_edited=&#8220;on|phone&#8220; header_2_font_size_tablet=&#8220;30px&#8220; header_2_font_size_phone=&#8220;24px&#8220; header_2_font_size_last_edited=&#8220;on|phone&#8220; locked=&#8220;off&#8220; global_colors_info=&#8220;{}&#8220; sticky_enabled=&#8220;0&#8243;]<\/p>\n<p><img loading=\"lazy\" decoding=\"async\" src=\"https:\/\/curcumin1000.com\/wp-content\/uploads\/2021\/11\/NewBioPerineLogo.4csmall-300x44.jpg\" width=\"300\" height=\"44\" alt=\"\" class=\"wp-image-3979 alignnone size-medium\" srcset=\"https:\/\/curcumin1000.com\/wp-content\/uploads\/2021\/11\/NewBioPerineLogo.4csmall-300x44.jpg 300w, https:\/\/curcumin1000.com\/wp-content\/uploads\/2021\/11\/NewBioPerineLogo.4csmall.jpg 400w\" sizes=\"auto, (max-width: 300px) 100vw, 300px\" \/><\/p>\n<p><sup>BioPerine\u00ae <\/sup>ist ein Extrakt aus schwarzem Pfeffer, der Piperin enth\u00e4lt, das aufgrund seiner F\u00e4higkeit, die Bioverf\u00fcgbarkeit von Nahrungsbestandteilen zu erh\u00f6hen, patentiert ist. Es ist die einzige Quelle von Piperin, die klinischen Studien in den Vereinigten Staaten unterzogen wurde, um ihre Sicherheit und Wirksamkeit f\u00fcr die Ern\u00e4hrung zu belegen.<\/p>\n<p>&nbsp;<\/p>\n<p><sup>BioPerine\u00ae<\/sup>ist der Thermon\u00e4hrstoff der Natur, der die Bioverf\u00fcgbarkeit erh\u00f6ht.<\/p>\n<ul>\n<li>Es ist ein standardisierter Extrakt aus den Fr\u00fcchten von<span> <\/span><em>Piper nigrum L<span> <\/span><\/em>(schwarzer Pfeffer) bzw<span> <\/span><em>Piper longum L<span> <\/span><\/em>(lange Paprika)<\/li>\n<li>Enth\u00e4lt mindestens 95 Prozent Piperin<\/li>\n<li>Kann zusammen mit verschiedenen N\u00e4hrstoffen f\u00fcr die Gesundheit von Mensch und Tier verabreicht werden<\/li>\n<li>Wurde klinisch getestet, um eine erh\u00f6hte Aufnahme verschiedener N\u00e4hrstoffe, insbesondere Curcumin, zu zeigen<\/li>\n<li>Weitere Informationen finden Sie <a href=\"http:\/\/www.bioperine.com\/\">unter www.bioperine.com<\/a><\/li>\n<\/ul>\n<p>[\/et_pb_text][\/et_pb_column][\/et_pb_row][\/et_pb_section][et_pb_section fb_built=&#8220;1&#8243; custom_padding_last_edited=&#8220;on|phone&#8220; admin_label=&#8220;Footer&#8220; _builder_version=&#8220;4.11.1&#8243; background_image=&#8220;https:\/\/demowebs.in\/curcumin1000\/wp-content\/uploads\/2021\/11\/home-news.jpg&#8220; background_size=&#8220;contain&#8220; background_position=&#8220;bottom_center&#8220; custom_margin=&#8220;||||false|false&#8220; custom_padding=&#8220;5px||0vw||false|false&#8220; custom_padding_tablet=&#8220;||22vw||false|false&#8220; custom_padding_phone=&#8220;&#8220; background_last_edited=&#8220;off|desktop&#8220; global_module=&#8220;3968&#8243; saved_tabs=&#8220;all&#8220; locked=&#8220;off&#8220; global_colors_info=&#8220;{}&#8220;][et_pb_row custom_padding_last_edited=&#8220;on|phone&#8220; _builder_version=&#8220;4.15&#8243; custom_padding=&#8220;|||285px|false|false&#8220; custom_padding_tablet=&#8220;|||0px|false|false&#8220; custom_padding_phone=&#8220;|||0px|false|false&#8220; global_colors_info=&#8220;{}&#8220;][et_pb_column type=&#8220;4_4&#8243; _builder_version=&#8220;4.15&#8243; global_colors_info=&#8220;{}&#8220;][et_pb_signup mailchimp_list=&#8220;SlavaET|42d4a98af1&#8243; layout=&#8220;top_bottom&#8220; first_name_field=&#8220;off&#8220; last_name_field=&#8220;off&#8220; title=&#8220;Abonniere unseren Newsletter&#8220; button_text=&#8220;Abonnieren!&#8220; _builder_version=&#8220;4.15&#8243; header_font=&#8220;Marcellus||||||||&#8220; header_font_size=&#8220;40px&#8220; header_line_height=&#8220;1.8em&#8220; form_field_font=&#8220;Marcellus|||on|||||&#8220; form_field_font_size=&#8220;16px&#8220; form_field_letter_spacing=&#8220;2px&#8220; form_field_line_height=&#8220;1.8em&#8220; use_background_color=&#8220;off&#8220; custom_button=&#8220;on&#8220; button_text_size=&#8220;16px&#8220; button_text_color=&#8220;#ffffff&#8220; button_bg_color=&#8220;#333333&#8243; button_border_width=&#8220;2px&#8220; button_border_color=&#8220;#3d4a41&#8243; button_border_radius=&#8220;0px&#8220; button_letter_spacing=&#8220;4px&#8220; button_font=&#8220;Marcellus|700||on|||||&#8220; button_custom_padding=&#8220;15px||15px||true|false&#8220; background_layout=&#8220;light&#8220; header_font_size_tablet=&#8220;30px&#8220; header_font_size_phone=&#8220;24px&#8220; header_font_size_last_edited=&#8220;on|phone&#8220; border_radii_fields=&#8220;on|0px|0px|0px|0px&#8220; border_width_all_fields=&#8220;2px&#8220; border_color_all_fields=&#8220;#E1D6C2&#8243; global_colors_info=&#8220;{}&#8220;][\/et_pb_signup][\/et_pb_column][\/et_pb_row][et_pb_row column_structure=&#8220;1_3,1_3,1_3&#8243; custom_padding_last_edited=&#8220;on|tablet&#8220; _builder_version=&#8220;4.15&#8243; custom_padding=&#8220;|||285px|false|false&#8220; custom_padding_tablet=&#8220;|||0px|false|false&#8220; custom_padding_phone=&#8220;&#8220; locked=&#8220;off&#8220; global_colors_info=&#8220;{}&#8220;][et_pb_column type=&#8220;1_3&#8243; _builder_version=&#8220;4.15&#8243; global_colors_info=&#8220;{}&#8220;][et_pb_text _builder_version=&#8220;4.15&#8243; text_font=&#8220;Marcellus||||||||&#8220; text_text_color=&#8220;#3D4A41&#8243; text_font_size=&#8220;16px&#8220; header_2_font=&#8220;Marcellus|700|||||||&#8220; header_2_text_color=&#8220;#3D4A41&#8243; header_2_font_size=&#8220;15px&#8220; header_2_line_height=&#8220;1.2em&#8220; text_font_size_tablet=&#8220;14px&#8220; text_font_size_phone=&#8220;&#8220; text_font_size_last_edited=&#8220;on|desktop&#8220; locked=&#8220;off&#8220; global_colors_info=&#8220;{}&#8220;]<\/p>\n<h2>Adresse<\/h2>\n<p>JOSH Naturals GmbH<\/p>\n<p>Berner Stra\u00dfe 107, 60437 Frankfurt am Main, Deutschland<\/p>\n<p>[\/et_pb_text][\/et_pb_column][et_pb_column type=&#8220;1_3&#8243; _builder_version=&#8220;4.15&#8243; global_colors_info=&#8220;{}&#8220;][et_pb_text _builder_version=&#8220;4.15&#8243; text_font=&#8220;Marcellus||||||||&#8220; text_text_color=&#8220;#3D4A41&#8243; text_font_size=&#8220;16px&#8220; link_text_color=&#8220;#000000&#8243; header_2_font=&#8220;Marcellus|700|||||||&#8220; header_2_text_color=&#8220;#3D4A41&#8243; header_2_font_size=&#8220;15px&#8220; header_2_line_height=&#8220;1.2em&#8220; text_font_size_tablet=&#8220;14px&#8220; text_font_size_phone=&#8220;&#8220; text_font_size_last_edited=&#8220;on|desktop&#8220; locked=&#8220;off&#8220; global_colors_info=&#8220;{}&#8220;]<\/p>\n<h2>Email<\/h2>\n<p><a href=\"mailto:%69%6e%66%6f@%63%75%72%63%75%6d%69%6e%31%30%30%30.%63%6f%6d\">info@curcumin1000.com<\/a><\/p>\n<p>[\/et_pb_text][et_pb_text _builder_version=&#8220;4.15&#8243; text_font=&#8220;Marcellus||||||||&#8220; text_text_color=&#8220;#3D4A41&#8243; text_font_size=&#8220;16px&#8220; header_2_font=&#8220;Marcellus|700|||||||&#8220; header_2_text_color=&#8220;#3D4A41&#8243; header_2_font_size=&#8220;15px&#8220; header_2_line_height=&#8220;1.2em&#8220; text_font_size_tablet=&#8220;14px&#8220; text_font_size_phone=&#8220;&#8220; text_font_size_last_edited=&#8220;on|desktop&#8220; locked=&#8220;off&#8220; global_colors_info=&#8220;{}&#8220;]<\/p>\n<h2>Telefon<\/h2>\n<p>+49 173 468 3404<\/p>\n<p>[\/et_pb_text][\/et_pb_column][et_pb_column type=&#8220;1_3&#8243; _builder_version=&#8220;4.15&#8243; global_colors_info=&#8220;{}&#8220;][et_pb_text _builder_version=&#8220;4.15&#8243; text_font=&#8220;Marcellus||||||||&#8220; text_text_color=&#8220;#3D4A41&#8243; text_font_size=&#8220;16px&#8220; header_2_font=&#8220;Marcellus|700|||||||&#8220; header_2_text_color=&#8220;#3D4A41&#8243; header_2_font_size=&#8220;15px&#8220; header_2_line_height=&#8220;1.2em&#8220; custom_margin=&#8220;||0px||false|false&#8220; text_font_size_tablet=&#8220;14px&#8220; text_font_size_phone=&#8220;&#8220; text_font_size_last_edited=&#8220;on|desktop&#8220; locked=&#8220;off&#8220; global_colors_info=&#8220;{}&#8220;]<\/p>\n<h2>Folge uns<\/h2>\n<p>[\/et_pb_text][et_pb_social_media_follow icon_color=&#8220;#9c8a67&#8243; use_icon_font_size=&#8220;on&#8220; icon_font_size=&#8220;20px&#8220; _builder_version=&#8220;4.15&#8243; custom_margin=&#8220;|||-10px|false|false&#8220; custom_padding=&#8220;|||0px||&#8220; locked=&#8220;off&#8220; global_colors_info=&#8220;{}&#8220;][et_pb_social_media_follow_network social_network=&#8220;facebook&#8220; _builder_version=&#8220;4.4.7&#8243; background_enable_color=&#8220;off&#8220; global_colors_info=&#8220;{}&#8220; follow_button=&#8220;off&#8220; url_new_window=&#8220;on&#8220;]facebook[\/et_pb_social_media_follow_network][et_pb_social_media_follow_network social_network=&#8220;twitter&#8220; _builder_version=&#8220;4.4.7&#8243; background_enable_color=&#8220;off&#8220; global_colors_info=&#8220;{}&#8220; follow_button=&#8220;off&#8220; url_new_window=&#8220;on&#8220;]twitter[\/et_pb_social_media_follow_network][et_pb_social_media_follow_network social_network=&#8220;youtube&#8220; _builder_version=&#8220;4.4.7&#8243; background_enable_color=&#8220;off&#8220; global_colors_info=&#8220;{}&#8220; follow_button=&#8220;off&#8220; url_new_window=&#8220;on&#8220;]youtube[\/et_pb_social_media_follow_network][\/et_pb_social_media_follow][\/et_pb_column][\/et_pb_row][\/et_pb_section]<\/p>\n","protected":false},"excerpt":{"rendered":"<p>Curcumin C3-Komplex \u00ae ist ein spezieller Curcumin-Extrakt aus den Rhizomen der Gew\u00fcrzpflanze Curcuma longa. Der Name Curcumin C3 Complex \u00ae bezieht sich auf seine drei wichtigsten chemischen Verbindungen \u2013 Curcumin, Demethoxycurcumin und Bisdemethoxycurcumin \u2013 zusammenfassend bekannt als Curcuminoide. Forschungen zeigen, dass Curcumin C3 Complex \u00ae f\u00fcr sein einzigartiges Zusammensetzungsverh\u00e4ltnis und seine einzigartige Verwendung patentiert ist [&hellip;]<\/p>\n","protected":false},"author":1,"featured_media":0,"parent":0,"menu_order":0,"comment_status":"closed","ping_status":"closed","template":"","meta":{"_et_pb_use_builder":"on","_et_pb_old_content":"","_et_gb_content_width":"","powered_cache_disable_cache":false,"footnotes":""},"class_list":["post-4138","page","type-page","status-publish","hentry"],"_links":{"self":[{"href":"https:\/\/curcumin1000.com\/de\/wp-json\/wp\/v2\/pages\/4138","targetHints":{"allow":["GET"]}}],"collection":[{"href":"https:\/\/curcumin1000.com\/de\/wp-json\/wp\/v2\/pages"}],"about":[{"href":"https:\/\/curcumin1000.com\/de\/wp-json\/wp\/v2\/types\/page"}],"author":[{"embeddable":true,"href":"https:\/\/curcumin1000.com\/de\/wp-json\/wp\/v2\/users\/1"}],"replies":[{"embeddable":true,"href":"https:\/\/curcumin1000.com\/de\/wp-json\/wp\/v2\/comments?post=4138"}],"version-history":[{"count":9,"href":"https:\/\/curcumin1000.com\/de\/wp-json\/wp\/v2\/pages\/4138\/revisions"}],"predecessor-version":[{"id":4802,"href":"https:\/\/curcumin1000.com\/de\/wp-json\/wp\/v2\/pages\/4138\/revisions\/4802"}],"wp:attachment":[{"href":"https:\/\/curcumin1000.com\/de\/wp-json\/wp\/v2\/media?parent=4138"}],"curies":[{"name":"wp","href":"https:\/\/api.w.org\/{rel}","templated":true}]}}