{"id":4115,"date":"2022-01-24T18:28:54","date_gmt":"2022-01-24T18:28:54","guid":{"rendered":"https:\/\/demowebs.in\/curcumin1000\/impressum-2\/"},"modified":"2025-04-25T12:20:55","modified_gmt":"2025-04-25T12:20:55","slug":"impressum-2","status":"publish","type":"page","link":"https:\/\/curcumin1000.com\/de\/impressum-2\/","title":{"rendered":"Impressum"},"content":{"rendered":"<p>[et_pb_section fb_built=&#8220;1&#8243; admin_label=&#8220;Header&#8220; _builder_version=&#8220;4.16&#8243; background_color=&#8220;#f4f0e8&#8243; background_enable_image=&#8220;off&#8220; background_position=&#8220;bottom_center&#8220; custom_padding=&#8220;10vw||0vw||false|false&#8220; locked=&#8220;off&#8220; global_colors_info=&#8220;{}&#8220;][\/et_pb_section][et_pb_section fb_built=&#8220;1&#8243; admin_label=&#8220;Video&#8220; _builder_version=&#8220;4.16&#8243; background_color=&#8220;#949aa6&#8243; background_enable_image=&#8220;off&#8220; background_position=&#8220;bottom_center&#8220; min_height=&#8220;1043.8px&#8220; custom_padding=&#8220;0px|||||&#8220; top_divider_style=&#8220;slant&#8220; top_divider_color=&#8220;#f4f0e8&#8243; top_divider_height=&#8220;100%&#8220; top_divider_flip=&#8220;horizontal&#8220; bottom_divider_style=&#8220;slant&#8220; bottom_divider_color=&#8220;#ffffff&#8220; bottom_divider_height=&#8220;100%&#8220; locked=&#8220;off&#8220; global_colors_info=&#8220;{}&#8220;][et_pb_row column_structure=&#8220;1_2,1_2&#8243; _builder_version=&#8220;4.16&#8243; background_color=&#8220;#ffffff&#8220; custom_padding=&#8220;0px|20px||20px|false|true&#8220; border_width_all=&#8220;2px&#8220; border_color_all=&#8220;#3D4A41&#8243; border_width_top=&#8220;0px&#8220; locked=&#8220;off&#8220; global_colors_info=&#8220;{}&#8220;][et_pb_column type=&#8220;1_2&#8243; _builder_version=&#8220;4.16&#8243; global_colors_info=&#8220;{}&#8220;][et_pb_text _builder_version=&#8220;4.22.1&#8243; text_font_size=&#8220;16px&#8220; text_line_height=&#8220;2em&#8220; header_2_font=&#8220;Marcellus||||||||&#8220; header_2_text_color=&#8220;#3D4A41&#8243; header_2_font_size=&#8220;40px&#8220; header_2_line_height=&#8220;1.4em&#8220; hover_enabled=&#8220;0&#8243; text_font_size_tablet=&#8220;14px&#8220; text_font_size_phone=&#8220;&#8220; text_font_size_last_edited=&#8220;on|phone&#8220; header_2_font_size_tablet=&#8220;30px&#8220; header_2_font_size_phone=&#8220;24px&#8220; header_2_font_size_last_edited=&#8220;on|phone&#8220; global_colors_info=&#8220;{}&#8220; sticky_enabled=&#8220;0&#8243;]<\/p>\n<h2>Impressum<\/h2>\n<div class=\"et_pb_row_inner et_pb_row_inner_0\">\n<div class=\"et_pb_column et_pb_column_4_4 et_pb_column_inner et_pb_column_inner_0 et-last-child\">\n<div class=\"et_pb_module et_pb_text et_pb_text_0 et_pb_text_align_left et_pb_bg_layout_light\">\n<div class=\"et_pb_text_inner\">\n<p><span style=\"font-size: 16px;\">JOSH Naturals GmbH<\/span><\/p>\n<p>Berner Stra\u00dfe 45<\/p>\n<p>60437Frankfurt am Main<\/p>\n<p>Deutschland<\/p>\n<\/div>\n<\/div>\n<\/div>\n<\/div>\n<div class=\"et_pb_row_inner et_pb_row_inner_1\">\n<div class=\"et_pb_column et_pb_column_4_4 et_pb_column_inner et_pb_column_inner_1 et-last-child\">\n<div class=\"et_pb_module et_pb_text et_pb_text_1 et_pb_text_align_left et_pb_bg_layout_light\">\n<div class=\"et_pb_text_inner\">\n<p>Vertreten durch den Gesch\u00e4ftsf\u00fchrer Herrn Wesely Suresh<\/p>\n<p>Telefon: +49 69 15346712<\/p>\n<p>Telefax: +49 69 15346715<\/p>\n<p>E-Mail: info@capzion.com<\/p>\n<p>Umsatzsteuer-Identifikationsnummer: DE309736647<\/p>\n<p>Steuer-Nr. : 045 236 50309<\/p>\n<p>Eingetragen im Handelsregister des Amtsgerichts Frankfurt am Main<\/p>\n<p>Handelsregisternummer HRB 110360<\/p>\n<p>&nbsp;<\/p>\n<\/div>\n<\/div>\n<\/div>\n<\/div>\n<p>[\/et_pb_text][\/et_pb_column][et_pb_column type=&#8220;1_2&#8243; _builder_version=&#8220;4.16&#8243; global_colors_info=&#8220;{}&#8220;][et_pb_text _builder_version=&#8220;4.16&#8243; text_font_size=&#8220;16px&#8220; text_line_height=&#8220;2em&#8220; header_2_font=&#8220;Marcellus||||||||&#8220; header_2_text_color=&#8220;#3D4A41&#8243; header_2_font_size=&#8220;40px&#8220; header_2_line_height=&#8220;1.4em&#8220; text_font_size_tablet=&#8220;14px&#8220; text_font_size_phone=&#8220;&#8220; text_font_size_last_edited=&#8220;on|phone&#8220; header_2_font_size_tablet=&#8220;30px&#8220; header_2_font_size_phone=&#8220;24px&#8220; header_2_font_size_last_edited=&#8220;on|phone&#8220; locked=&#8220;off&#8220; global_colors_info=&#8220;{}&#8220;]<\/p>\n<h3>Rechtliche Hinweise zur Website<\/h3>\n<p>Alle Texte, Bilder und weiter hier ver\u00f6ffentlichten Informationen unterliegen dem Urheberrecht des Anbieters, soweit nicht Urheberrechte Dritter bestehen. Jedenfalls darf eine Vervielf\u00e4ltigung, Verbreitung oder \u00f6ffentliche Wiedergabe nur mit einer widerruflichen und nicht \u00fcbertragbaren Genehmigung des Anbieters erfolgen.<\/p>\n<p>F\u00fcr die mittels Querverweis (Link) verbundenen Online-Inhalte \u00fcbernimmt der Anbieter keine Verantwortung, da es sich hierbei nicht um eigene Inhalte handelt. Die verlinkten Seiten wurden auf rechtswidrige Inhalte \u00fcberpr\u00fcft, zum Zeitpunkt der Linksetzung waren solche Inhalte nicht erkennbar. F\u00fcr die Inhalte der verlinkten Seiten sind deren Betreiber verantwortlich. Der Lieferant unterliegt insoweit keiner allgemeinen \u00dcberwachungs- oder Pr\u00fcfungspflicht. Bei Bekanntwerden einer Rechtsverletzung wird der jeweilige Link jedoch umgehend entfernt.<\/p>\n<p>[\/et_pb_text][\/et_pb_column][\/et_pb_row][\/et_pb_section][et_pb_section fb_built=&#8220;1&#8243; custom_padding_last_edited=&#8220;on|phone&#8220; admin_label=&#8220;Footer&#8220; _builder_version=&#8220;4.11.1&#8243; background_color=&#8220;rgba(194,198,69,0.96)&#8220; background_image=&#8220;https:\/\/demowebs.in\/curcumin1000\/wp-content\/uploads\/2021\/11\/home-news.jpg&#8220; background_size=&#8220;contain&#8220; background_position=&#8220;bottom_center&#8220; custom_margin=&#8220;||||false|false&#8220; custom_padding=&#8220;5px||0vw||false|false&#8220; custom_padding_tablet=&#8220;||22vw||false|false&#8220; custom_padding_phone=&#8220;&#8220; background_last_edited=&#8220;off|desktop&#8220; global_module=&#8220;3968&#8243; saved_tabs=&#8220;all&#8220; locked=&#8220;off&#8220; global_colors_info=&#8220;{}&#8220;][et_pb_row column_structure=&#8220;3_5,2_5&#8243; custom_padding_last_edited=&#8220;on|phone&#8220; _builder_version=&#8220;4.16&#8243; custom_padding=&#8220;|||11px|false|false&#8220; custom_padding_tablet=&#8220;|||0px|false|false&#8220; custom_padding_phone=&#8220;|||0px|false|false&#8220; global_colors_info=&#8220;{}&#8220;][et_pb_column type=&#8220;3_5&#8243; _builder_version=&#8220;4.16&#8243; global_colors_info=&#8220;{}&#8220;][et_pb_text _builder_version=&#8220;4.22.1&#8243; text_font=&#8220;Marcellus||||||||&#8220; text_text_color=&#8220;#3D4A41&#8243; text_font_size=&#8220;16px&#8220; header_2_font=&#8220;Marcellus|700|||||||&#8220; header_2_text_color=&#8220;#3D4A41&#8243; header_2_font_size=&#8220;15px&#8220; header_2_line_height=&#8220;1.2em&#8220; text_font_size_tablet=&#8220;14px&#8220; text_font_size_phone=&#8220;&#8220; text_font_size_last_edited=&#8220;on|desktop&#8220; locked=&#8220;off&#8220; global_colors_info=&#8220;{}&#8220;]<\/p>\n<h2>Adresse<\/h2>\n<p>JOSH Naturals GmbH<\/p>\n<p>Berner Stra\u00dfe 45, 60437 Frankfurt am Main, Deutschland<\/p>\n<p>[\/et_pb_text][et_pb_text _builder_version=&#8220;4.16&#8243; text_font=&#8220;Marcellus||||||||&#8220; text_text_color=&#8220;#3D4A41&#8243; text_font_size=&#8220;16px&#8220; link_text_color=&#8220;#000000&#8243; header_2_font=&#8220;Marcellus|700|||||||&#8220; header_2_text_color=&#8220;#3D4A41&#8243; header_2_font_size=&#8220;15px&#8220; header_2_line_height=&#8220;1.2em&#8220; text_font_size_tablet=&#8220;14px&#8220; text_font_size_phone=&#8220;&#8220; text_font_size_last_edited=&#8220;on|desktop&#8220; locked=&#8220;off&#8220; global_colors_info=&#8220;{}&#8220;]<\/p>\n<h2>Email<\/h2>\n<p><a href=\"mailto:%69%6e%66%6f@%63%75%72%63%75%6d%69%6e%31%30%30%30.%63%6f%6d\">info@curcumin1000.com<\/a><\/p>\n<p>[\/et_pb_text][et_pb_text _builder_version=&#8220;4.16&#8243; text_font=&#8220;Marcellus||||||||&#8220; text_text_color=&#8220;#3D4A41&#8243; text_font_size=&#8220;16px&#8220; header_2_font=&#8220;Marcellus|700|||||||&#8220; header_2_text_color=&#8220;#3D4A41&#8243; header_2_font_size=&#8220;15px&#8220; header_2_line_height=&#8220;1.2em&#8220; text_font_size_tablet=&#8220;14px&#8220; text_font_size_phone=&#8220;&#8220; text_font_size_last_edited=&#8220;on|desktop&#8220; locked=&#8220;off&#8220; global_colors_info=&#8220;{}&#8220;]<\/p>\n<h2>Telefon<\/h2>\n<p>+49 173 468 3404<\/p>\n<p>[\/et_pb_text][\/et_pb_column][et_pb_column type=&#8220;2_5&#8243; _builder_version=&#8220;4.16&#8243; global_colors_info=&#8220;{}&#8220;][et_pb_signup mailchimp_list=&#8220;SlavaET|42d4a98af1&#8243; layout=&#8220;top_bottom&#8220; first_name_field=&#8220;off&#8220; last_name_field=&#8220;off&#8220; title=&#8220;Abonniere unseren Newsletter&#8220; button_text=&#8220;Abonnieren!&#8220; title_last_edited=&#8220;off|desktop&#8220; admin_label=&#8220;Email Optin&#8220; _builder_version=&#8220;4.22.1&#8243; header_level=&#8220;h3&#8243; header_font=&#8220;Marcellus||||||||&#8220; header_text_align=&#8220;left&#8220; header_line_height=&#8220;1.8em&#8220; form_field_font=&#8220;Marcellus|||on|||||&#8220; form_field_font_size=&#8220;16px&#8220; form_field_letter_spacing=&#8220;2px&#8220; form_field_line_height=&#8220;1.8em&#8220; use_background_color=&#8220;off&#8220; custom_button=&#8220;on&#8220; button_text_size=&#8220;16px&#8220; button_text_color=&#8220;#ffffff&#8220; button_bg_color=&#8220;#333333&#8243; button_border_width=&#8220;2px&#8220; button_border_color=&#8220;#3d4a41&#8243; button_border_radius=&#8220;0px&#8220; button_letter_spacing=&#8220;4px&#8220; button_font=&#8220;Marcellus|700||on|||||&#8220; button_custom_padding=&#8220;15px||15px||true|false&#8220; background_layout=&#8220;light&#8220; width=&#8220;100%&#8220; custom_padding=&#8220;|||0px||&#8220; header_font_size_tablet=&#8220;&#8220; header_font_size_phone=&#8220;&#8220; header_font_size_last_edited=&#8220;on|desktop&#8220; border_radii_fields=&#8220;on|0px|0px|0px|0px&#8220; border_width_all_fields=&#8220;2px&#8220; border_color_all_fields=&#8220;#E1D6C2&#8243; global_colors_info=&#8220;{}&#8220; title__hover_enabled=&#8220;off|desktop&#8220;][\/et_pb_signup][et_pb_text _builder_version=&#8220;4.16&#8243; text_font=&#8220;Marcellus||||||||&#8220; text_text_color=&#8220;#3D4A41&#8243; text_font_size=&#8220;16px&#8220; header_2_font=&#8220;Marcellus|700|||||||&#8220; header_2_text_color=&#8220;#3D4A41&#8243; header_2_font_size=&#8220;15px&#8220; header_2_line_height=&#8220;1.2em&#8220; custom_margin=&#8220;||0px||false|false&#8220; text_font_size_tablet=&#8220;14px&#8220; text_font_size_phone=&#8220;&#8220; text_font_size_last_edited=&#8220;on|desktop&#8220; locked=&#8220;off&#8220; global_colors_info=&#8220;{}&#8220;]<\/p>\n<h2>Folge uns<\/h2>\n<p>[\/et_pb_text][et_pb_social_media_follow icon_color=&#8220;#9c8a67&#8243; use_icon_font_size=&#8220;on&#8220; icon_font_size=&#8220;20px&#8220; _builder_version=&#8220;4.22.1&#8243; custom_margin=&#8220;|||-10px|false|false&#8220; custom_padding=&#8220;|||0px||&#8220; locked=&#8220;off&#8220; global_colors_info=&#8220;{}&#8220;][et_pb_social_media_follow_network social_network=&#8220;facebook&#8220; _builder_version=&#8220;4.16&#8243; background_enable_color=&#8220;off&#8220; global_colors_info=&#8220;{}&#8220; follow_button=&#8220;off&#8220; url_new_window=&#8220;on&#8220;]facebook[\/et_pb_social_media_follow_network][et_pb_social_media_follow_network social_network=&#8220;instagram&#8220; _builder_version=&#8220;4.22.1&#8243; _module_preset=&#8220;default&#8220; background_enable_color=&#8220;off&#8220; global_colors_info=&#8220;{}&#8220; follow_button=&#8220;off&#8220; url_new_window=&#8220;on&#8220;]instagram[\/et_pb_social_media_follow_network][\/et_pb_social_media_follow][\/et_pb_column][\/et_pb_row][\/et_pb_section]<\/p>\n","protected":false},"excerpt":{"rendered":"<p>Impressum JOSH Naturals GmbH Berner Stra\u00dfe 45 60437Frankfurt am Main Deutschland Vertreten durch den Gesch\u00e4ftsf\u00fchrer Herrn Wesely Suresh Telefon: +49 69 15346712 Telefax: +49 69 15346715 E-Mail: info@capzion.com Umsatzsteuer-Identifikationsnummer: DE309736647 Steuer-Nr. : 045 236 50309 Eingetragen im Handelsregister des Amtsgerichts Frankfurt am Main Handelsregisternummer HRB 110360 &nbsp; Rechtliche Hinweise zur Website Alle Texte, Bilder und [&hellip;]<\/p>\n","protected":false},"author":1,"featured_media":0,"parent":0,"menu_order":0,"comment_status":"closed","ping_status":"closed","template":"","meta":{"_et_pb_use_builder":"on","_et_pb_old_content":"","_et_gb_content_width":"","powered_cache_disable_cache":false,"footnotes":""},"class_list":["post-4115","page","type-page","status-publish","hentry"],"_links":{"self":[{"href":"https:\/\/curcumin1000.com\/de\/wp-json\/wp\/v2\/pages\/4115","targetHints":{"allow":["GET"]}}],"collection":[{"href":"https:\/\/curcumin1000.com\/de\/wp-json\/wp\/v2\/pages"}],"about":[{"href":"https:\/\/curcumin1000.com\/de\/wp-json\/wp\/v2\/types\/page"}],"author":[{"embeddable":true,"href":"https:\/\/curcumin1000.com\/de\/wp-json\/wp\/v2\/users\/1"}],"replies":[{"embeddable":true,"href":"https:\/\/curcumin1000.com\/de\/wp-json\/wp\/v2\/comments?post=4115"}],"version-history":[{"count":5,"href":"https:\/\/curcumin1000.com\/de\/wp-json\/wp\/v2\/pages\/4115\/revisions"}],"predecessor-version":[{"id":5158,"href":"https:\/\/curcumin1000.com\/de\/wp-json\/wp\/v2\/pages\/4115\/revisions\/5158"}],"wp:attachment":[{"href":"https:\/\/curcumin1000.com\/de\/wp-json\/wp\/v2\/media?parent=4115"}],"curies":[{"name":"wp","href":"https:\/\/api.w.org\/{rel}","templated":true}]}}