{"id":4085,"date":"2022-01-24T18:23:10","date_gmt":"2022-01-24T18:23:10","guid":{"rendered":"https:\/\/demowebs.in\/curcumin1000\/ueber-uns\/"},"modified":"2022-02-21T08:59:55","modified_gmt":"2022-02-21T08:59:55","slug":"ueber-uns","status":"publish","type":"page","link":"https:\/\/curcumin1000.com\/de\/ueber-uns\/","title":{"rendered":"\u00dcber uns"},"content":{"rendered":"<p>[et_pb_section fb_built=&#8220;1&#8243; admin_label=&#8220;Header&#8220; _builder_version=&#8220;4.5.0&#8243; background_color=&#8220;#8c9873&#8243; background_image=&#8220;https:\/\/demowebs.in\/curcumin1000\/wp-content\/uploads\/2021\/11\/herbal-remedy_76-1.png&#8220; background_position=&#8220;bottom_center&#8220; custom_padding=&#8220;10vw||0vw||false|false&#8220; locked=&#8220;off&#8220; global_colors_info=&#8220;{}&#8220;][et_pb_row column_structure=&#8220;3_5,2_5&#8243; _builder_version=&#8220;4.4.7&#8243; global_colors_info=&#8220;{}&#8220;][et_pb_column type=&#8220;3_5&#8243; _builder_version=&#8220;3.25.1&#8243; global_colors_info=&#8220;{}&#8220;][et_pb_text _builder_version=&#8220;4.11.1&#8243; header_font=&#8220;Marcellus||||||||&#8220; header_text_color=&#8220;#3d4a41&#8243; header_font_size=&#8220;100px&#8220; header_line_height=&#8220;1.2em&#8220; header_font_size_tablet=&#8220;40px&#8220; header_font_size_phone=&#8220;30px&#8220; header_font_size_last_edited=&#8220;on|phone&#8220; global_colors_info=&#8220;{}&#8220;]<\/p>\n<h2>Etwa<\/h2>\n<h4><span size=\"2\"><span><b><strong><span lang=\"DE\">JOSH Natura<\/span> <span lang=\"DE\">l<\/span> <span lang=\"DE\">s<\/span><\/strong><\/b><\/span><\/span><\/h4>\n<p>[\/et_pb_text][\/et_pb_column][et_pb_column type=&#8220;2_5&#8243; _builder_version=&#8220;3.25.1&#8243; global_colors_info=&#8220;{}&#8220;][\/et_pb_column][\/et_pb_row][\/et_pb_section][et_pb_section fb_built=&#8220;1&#8243; admin_label=&#8220;About&#8220; _builder_version=&#8220;4.5.0&#8243; _module_preset=&#8220;default&#8220; custom_padding=&#8220;||0px|||&#8220; global_colors_info=&#8220;{}&#8220;][et_pb_row column_structure=&#8220;3_5,2_5&#8243; _builder_version=&#8220;4.5.0&#8243; _module_preset=&#8220;default&#8220; global_colors_info=&#8220;{}&#8220;][et_pb_column type=&#8220;3_5&#8243; _builder_version=&#8220;4.5.0&#8243; _module_preset=&#8220;default&#8220; custom_padding=&#8220;40px|40px|40px|40px|true|true&#8220; border_width_all=&#8220;2px&#8220; border_color_all=&#8220;#E1D6C2&#8243; global_colors_info=&#8220;{}&#8220;][et_pb_text _builder_version=&#8220;4.11.1&#8243; text_font=&#8220;Marcellus||||||||&#8220; text_font_size=&#8220;16px&#8220; text_line_height=&#8220;2em&#8220; text_orientation=&#8220;justified&#8220; text_font_size_tablet=&#8220;14px&#8220; text_font_size_phone=&#8220;14px&#8220; text_font_size_last_edited=&#8220;on|phone&#8220; text_line_height_phone=&#8220;1.6em&#8220; text_line_height_last_edited=&#8220;off|desktop&#8220; locked=&#8220;off&#8220; global_colors_info=&#8220;{}&#8220;]<\/p>\n<p><span>Die JOSH Naturals GmbH ist ein qualit\u00e4ts- und sicherheitsbewusstes Unternehmen, das haupts\u00e4chlich auf die Nahrungserg\u00e4nzungsmittelindustrie ausgerichtet ist. Mit qualifizierten und erfahrenen Fachleuten bietet JOSH Naturals den Verbrauchern an, L\u00f6sungen f\u00fcr ihre verschiedenen Gesundheitsbed\u00fcrfnisse zu finden. Die Arbeit mit gut recherchierten patentierten Inhaltsstoffen ist eine der wichtigsten Anforderungen an das Team. Unter Ber\u00fccksichtigung der Sicherheit und der sich st\u00e4ndig \u00e4ndernden Bed\u00fcrfnisse der Verbraucher ist JOSH Naturals immer auf der Suche nach innovativen Naturprodukten. JOSH Naturals h\u00e4lt ein scharfes Auge f\u00fcr fehlende Heilmittel auf dem Markt und bem\u00fcht sich, solche Heilmittel auf den Markt zu bringen <\/span><span>in die Reichweite des einfachen Volkes. Die Formulierungen werden in Europa hergestellt\/verpackt, um hohe Qualit\u00e4tsstandards aufrechtzuerhalten, ohne Kompromisse beim Preis eingehen zu m\u00fcssen<\/span>.<span><\/span><\/p>\n<p>[\/et_pb_text][\/et_pb_column][et_pb_column type=&#8220;2_5&#8243; _builder_version=&#8220;4.5.0&#8243; _module_preset=&#8220;default&#8220; global_colors_info=&#8220;{}&#8220;][et_pb_image src=&#8220;https:\/\/demowebs.in\/curcumin1000\/wp-content\/uploads\/2021\/11\/About1.jpg&#8220; title_text=&#8220;\u00dcber1&#8243; _builder_version=&#8220;4.11.1&#8243; custom_margin=&#8220;-146px|||||&#8220; custom_margin_tablet=&#8220;0px||||false|false&#8220; custom_margin_phone=&#8220;&#8220; custom_margin_last_edited=&#8220;on|tablet&#8220; locked=&#8220;off&#8220; global_colors_info=&#8220;{}&#8220;][\/et_pb_image][\/et_pb_column][\/et_pb_row][\/et_pb_section][et_pb_section fb_built=&#8220;1&#8243; specialty=&#8220;on&#8220; admin_label=&#8220;About&#8220; _builder_version=&#8220;4.5.0&#8243; custom_padding=&#8220;0px|||||&#8220; global_colors_info=&#8220;{}&#8220;][et_pb_column type=&#8220;1_2&#8243; specialty_columns=&#8220;2&#8243; _builder_version=&#8220;3.25&#8243; custom_padding=&#8220;|||&#8220; global_colors_info=&#8220;{}&#8220; custom_padding__hover=&#8220;|||&#8220;][et_pb_row_inner _builder_version=&#8220;4.4.7&#8243; global_colors_info=&#8220;{}&#8220;][et_pb_column_inner saved_specialty_column_type=&#8220;1_2&#8243; _builder_version=&#8220;4.4.7&#8243; global_colors_info=&#8220;{}&#8220;][et_pb_image src=&#8220;https:\/\/demowebs.in\/curcumin1000\/wp-content\/uploads\/2021\/12\/About2.jpg&#8220; title_text=&#8220;Ungef\u00e4hr 2&#8243; _builder_version=&#8220;4.11.1&#8243; border_width_all=&#8220;10px&#8220; border_color_all=&#8220;#ffffff&#8220; box_shadow_style=&#8220;preset5&#8243; box_shadow_vertical=&#8220;0px&#8220; box_shadow_spread=&#8220;2px&#8220; box_shadow_color=&#8220;#EAE8E8&#8243; global_colors_info=&#8220;{}&#8220;][\/et_pb_image][\/et_pb_column_inner][\/et_pb_row_inner][\/et_pb_column][et_pb_column type=&#8220;1_2&#8243; _builder_version=&#8220;3.25&#8243; custom_padding=&#8220;|||&#8220; global_colors_info=&#8220;{}&#8220; custom_padding__hover=&#8220;|||&#8220;][et_pb_text _builder_version=&#8220;4.11.1&#8243; text_font=&#8220;Marcellus||||||||&#8220; text_text_color=&#8220;#3D4A41&#8243; text_font_size=&#8220;16px&#8220; text_line_height=&#8220;2em&#8220; header_3_font=&#8220;Marcellus||||||||&#8220; header_3_text_color=&#8220;#3D4A41&#8243; header_3_font_size=&#8220;60px&#8220; header_3_line_height=&#8220;1.2em&#8220; text_font_size_tablet=&#8220;14px&#8220; text_font_size_phone=&#8220;&#8220; text_font_size_last_edited=&#8220;on|tablet&#8220; header_3_font_size_tablet=&#8220;40px&#8220; header_3_font_size_phone=&#8220;24px&#8220; header_3_font_size_last_edited=&#8220;on|phone&#8220; locked=&#8220;off&#8220; global_colors_info=&#8220;{}&#8220;]<\/p>\n<h2><span>Als verantwortungsvolles Unternehmen<\/span><\/h2>\n<h1><span>JOSH Naturmenschen <\/span><\/h1>\n<p><span>ist f\u00fcr die Verbraucher direkt zug\u00e4nglich, die uns f\u00fcr ihre Kaufbed\u00fcrfnisse oder f\u00fcr Klarstellungen kontaktieren k\u00f6nnen.<\/span><\/p>\n<p>[\/et_pb_text][\/et_pb_column][\/et_pb_section][et_pb_section fb_built=&#8220;1&#8243; custom_padding_last_edited=&#8220;on|phone&#8220; admin_label=&#8220;Footer&#8220; _builder_version=&#8220;4.11.1&#8243; background_image=&#8220;https:\/\/demowebs.in\/curcumin1000\/wp-content\/uploads\/2021\/11\/home-news.jpg&#8220; background_size=&#8220;contain&#8220; background_position=&#8220;bottom_center&#8220; custom_margin=&#8220;||||false|false&#8220; custom_padding=&#8220;5px||12vw||false|false&#8220; custom_padding_tablet=&#8220;||22vw||false|false&#8220; custom_padding_phone=&#8220;&#8220; background_last_edited=&#8220;off|desktop&#8220; global_module=&#8220;3968&#8243; locked=&#8220;off&#8220; global_colors_info=&#8220;{}&#8220;][et_pb_row custom_padding_last_edited=&#8220;on|phone&#8220; _builder_version=&#8220;4.4.9&#8243; custom_padding=&#8220;|||285px|false|false&#8220; custom_padding_tablet=&#8220;|||0px|false|false&#8220; custom_padding_phone=&#8220;|||0px|false|false&#8220; global_colors_info=&#8220;{}&#8220;][et_pb_column type=&#8220;4_4&#8243; _builder_version=&#8220;4.4.7&#8243; global_colors_info=&#8220;{}&#8220;][et_pb_signup mailchimp_list=&#8220;SlavaET|42d4a98af1&#8243; layout=&#8220;top_bottom&#8220; first_name_field=&#8220;off&#8220; last_name_field=&#8220;off&#8220; title=&#8220;Abonniere unseren Newsletter&#8220; button_text=&#8220;Abonnieren!&#8220; _builder_version=&#8220;4.11.1&#8243; header_font=&#8220;Marcellus||||||||&#8220; header_font_size=&#8220;40px&#8220; header_line_height=&#8220;1.8em&#8220; form_field_font=&#8220;Marcellus|||on|||||&#8220; form_field_font_size=&#8220;16px&#8220; form_field_letter_spacing=&#8220;2px&#8220; form_field_line_height=&#8220;1.8em&#8220; use_background_color=&#8220;off&#8220; custom_button=&#8220;on&#8220; button_text_size=&#8220;16px&#8220; button_text_color=&#8220;#ffffff&#8220; button_bg_color=&#8220;#333333&#8243; button_border_width=&#8220;2px&#8220; button_border_color=&#8220;#3d4a41&#8243; button_border_radius=&#8220;0px&#8220; button_letter_spacing=&#8220;4px&#8220; button_font=&#8220;Marcellus|700||on|||||&#8220; button_custom_padding=&#8220;15px||15px||true|false&#8220; background_layout=&#8220;light&#8220; header_font_size_tablet=&#8220;30px&#8220; header_font_size_phone=&#8220;24px&#8220; header_font_size_last_edited=&#8220;on|phone&#8220; border_radii_fields=&#8220;on|0px|0px|0px|0px&#8220; border_width_all_fields=&#8220;2px&#8220; border_color_all_fields=&#8220;#E1D6C2&#8243; global_colors_info=&#8220;{}&#8220;][\/et_pb_signup][\/et_pb_column][\/et_pb_row][et_pb_row column_structure=&#8220;1_3,1_3,1_3&#8243; custom_padding_last_edited=&#8220;on|tablet&#8220; _builder_version=&#8220;4.4.9&#8243; custom_padding=&#8220;|||285px|false|false&#8220; custom_padding_tablet=&#8220;|||0px|false|false&#8220; custom_padding_phone=&#8220;&#8220; locked=&#8220;off&#8220; global_colors_info=&#8220;{}&#8220;][et_pb_column type=&#8220;1_3&#8243; _builder_version=&#8220;4.4.7&#8243; global_colors_info=&#8220;{}&#8220;][et_pb_text _builder_version=&#8220;4.11.1&#8243; text_font=&#8220;Marcellus||||||||&#8220; text_text_color=&#8220;#3D4A41&#8243; text_font_size=&#8220;16px&#8220; header_2_font=&#8220;Marcellus|700|||||||&#8220; header_2_text_color=&#8220;#3D4A41&#8243; header_2_font_size=&#8220;15px&#8220; header_2_line_height=&#8220;1.2em&#8220; text_font_size_tablet=&#8220;14px&#8220; text_font_size_phone=&#8220;&#8220; text_font_size_last_edited=&#8220;on|desktop&#8220; locked=&#8220;off&#8220; global_colors_info=&#8220;{}&#8220;]<\/p>\n<h2>Adresse<\/h2>\n<p>JOSH Naturals GmbH<\/p>\n<p>Berner Stra\u00dfe 107, 60437 Frankfurt am Main, Deutschland<\/p>\n<p>[\/et_pb_text][\/et_pb_column][et_pb_column type=&#8220;1_3&#8243; _builder_version=&#8220;4.4.7&#8243; global_colors_info=&#8220;{}&#8220;][et_pb_text _builder_version=&#8220;4.11.1&#8243; text_font=&#8220;Marcellus||||||||&#8220; text_text_color=&#8220;#3D4A41&#8243; text_font_size=&#8220;16px&#8220; link_text_color=&#8220;#000000&#8243; header_2_font=&#8220;Marcellus|700|||||||&#8220; header_2_text_color=&#8220;#3D4A41&#8243; header_2_font_size=&#8220;15px&#8220; header_2_line_height=&#8220;1.2em&#8220; text_font_size_tablet=&#8220;14px&#8220; text_font_size_phone=&#8220;&#8220; text_font_size_last_edited=&#8220;on|desktop&#8220; locked=&#8220;off&#8220; global_colors_info=&#8220;{}&#8220;]<\/p>\n<h2>Email<\/h2>\n<p><a href=\"mailto:%69%6e%66%6f@%63%75%72%63%75%6d%69%6e%31%30%30%30.%63%6f%6d\">info@curcumin1000.com<\/a><\/p>\n<p>[\/et_pb_text][et_pb_text _builder_version=&#8220;4.11.1&#8243; text_font=&#8220;Marcellus||||||||&#8220; text_text_color=&#8220;#3D4A41&#8243; text_font_size=&#8220;16px&#8220; header_2_font=&#8220;Marcellus|700|||||||&#8220; header_2_text_color=&#8220;#3D4A41&#8243; header_2_font_size=&#8220;15px&#8220; header_2_line_height=&#8220;1.2em&#8220; text_font_size_tablet=&#8220;14px&#8220; text_font_size_phone=&#8220;&#8220; text_font_size_last_edited=&#8220;on|desktop&#8220; locked=&#8220;off&#8220; global_colors_info=&#8220;{}&#8220;]<\/p>\n<h2>Telefon<\/h2>\n<p>+49 173 468 3404<\/p>\n<p>[\/et_pb_text][\/et_pb_column][et_pb_column type=&#8220;1_3&#8243; _builder_version=&#8220;4.4.7&#8243; global_colors_info=&#8220;{}&#8220;][et_pb_text _builder_version=&#8220;4.4.9&#8243; text_font=&#8220;Marcellus||||||||&#8220; text_text_color=&#8220;#3D4A41&#8243; text_font_size=&#8220;16px&#8220; header_2_font=&#8220;Marcellus|700|||||||&#8220; header_2_text_color=&#8220;#3D4A41&#8243; header_2_font_size=&#8220;15px&#8220; header_2_line_height=&#8220;1.2em&#8220; custom_margin=&#8220;||0px||false|false&#8220; text_font_size_tablet=&#8220;14px&#8220; text_font_size_phone=&#8220;&#8220; text_font_size_last_edited=&#8220;on|desktop&#8220; locked=&#8220;off&#8220; global_colors_info=&#8220;{}&#8220;]<\/p>\n<h2>Folge uns<\/h2>\n<p>[\/et_pb_text][et_pb_social_media_follow icon_color=&#8220;#9c8a67&#8243; use_icon_font_size=&#8220;on&#8220; icon_font_size=&#8220;20px&#8220; _builder_version=&#8220;4.4.7&#8243; custom_margin=&#8220;|||-10px|false|false&#8220; custom_padding=&#8220;|||0px||&#8220; locked=&#8220;off&#8220; global_colors_info=&#8220;{}&#8220;][et_pb_social_media_follow_network social_network=&#8220;facebook&#8220; _builder_version=&#8220;4.4.7&#8243; background_enable_color=&#8220;off&#8220; global_colors_info=&#8220;{}&#8220; follow_button=&#8220;off&#8220; url_new_window=&#8220;on&#8220;]facebook[\/et_pb_social_media_follow_network][et_pb_social_media_follow_network social_network=&#8220;twitter&#8220; _builder_version=&#8220;4.4.7&#8243; background_enable_color=&#8220;off&#8220; global_colors_info=&#8220;{}&#8220; follow_button=&#8220;off&#8220; url_new_window=&#8220;on&#8220;]twitter[\/et_pb_social_media_follow_network][et_pb_social_media_follow_network social_network=&#8220;youtube&#8220; _builder_version=&#8220;4.4.7&#8243; background_enable_color=&#8220;off&#8220; global_colors_info=&#8220;{}&#8220; follow_button=&#8220;off&#8220; url_new_window=&#8220;on&#8220;]youtube[\/et_pb_social_media_follow_network][\/et_pb_social_media_follow][\/et_pb_column][\/et_pb_row][\/et_pb_section]<\/p>\n","protected":false},"excerpt":{"rendered":"<p>Etwa JOSH Natura l sDie JOSH Naturals GmbH ist ein qualit\u00e4ts- und sicherheitsbewusstes Unternehmen, das haupts\u00e4chlich auf die Nahrungserg\u00e4nzungsmittelindustrie ausgerichtet ist. Mit qualifizierten und erfahrenen Fachleuten bietet JOSH Naturals den Verbrauchern an, L\u00f6sungen f\u00fcr ihre verschiedenen Gesundheitsbed\u00fcrfnisse zu finden. Die Arbeit mit gut recherchierten patentierten Inhaltsstoffen ist eine der wichtigsten Anforderungen an das Team. Unter [&hellip;]<\/p>\n","protected":false},"author":1,"featured_media":0,"parent":0,"menu_order":0,"comment_status":"closed","ping_status":"closed","template":"","meta":{"_et_pb_use_builder":"on","_et_pb_old_content":"","_et_gb_content_width":"","powered_cache_disable_cache":false,"footnotes":""},"class_list":["post-4085","page","type-page","status-publish","hentry"],"_links":{"self":[{"href":"https:\/\/curcumin1000.com\/de\/wp-json\/wp\/v2\/pages\/4085","targetHints":{"allow":["GET"]}}],"collection":[{"href":"https:\/\/curcumin1000.com\/de\/wp-json\/wp\/v2\/pages"}],"about":[{"href":"https:\/\/curcumin1000.com\/de\/wp-json\/wp\/v2\/types\/page"}],"author":[{"embeddable":true,"href":"https:\/\/curcumin1000.com\/de\/wp-json\/wp\/v2\/users\/1"}],"replies":[{"embeddable":true,"href":"https:\/\/curcumin1000.com\/de\/wp-json\/wp\/v2\/comments?post=4085"}],"version-history":[{"count":12,"href":"https:\/\/curcumin1000.com\/de\/wp-json\/wp\/v2\/pages\/4085\/revisions"}],"predecessor-version":[{"id":4646,"href":"https:\/\/curcumin1000.com\/de\/wp-json\/wp\/v2\/pages\/4085\/revisions\/4646"}],"wp:attachment":[{"href":"https:\/\/curcumin1000.com\/de\/wp-json\/wp\/v2\/media?parent=4085"}],"curies":[{"name":"wp","href":"https:\/\/api.w.org\/{rel}","templated":true}]}}